{"id":102,"date":"2020-12-17T16:07:07","date_gmt":"2020-12-17T15:07:07","guid":{"rendered":"http:\/\/192.168.178.38\/?page_id=102"},"modified":"2020-12-28T19:16:36","modified_gmt":"2020-12-28T18:16:36","slug":"startseite","status":"publish","type":"page","link":"https:\/\/lpl-mind.de\/en\/","title":{"rendered":"Startseite"},"content":{"rendered":"<div>\n<h1>\u00dcber Mich<\/h1>\n<div style=\"display: grid; grid-template-columns: auto 100px 64px 300px; column-gap: 10px;\">\n<div>Ich bin passionierter Softwareentwickler im Bereich Backend. Mit dem M. Sc. war ich jahrelange\u00a0 t\u00e4tig in einem IOT Unternehmen und als Softwareentwickler. Mit meinem Podcast und meinem Blog m\u00f6chte ich Ihnen die M\u00f6glichkeit geben, meine Erfahrungen und Kenntnisse zu \u00fcbermitteln. Auch sollen verschiedene neue Technologien und Trends analysiert und erkl\u00e4rt werden. Ich w\u00fcnsche ihnen viel Freude beim Zuh\u00f6ren und w\u00fcrde mich \u00fcber den ein oder anderen Kommentar freuen.<\/div>\n<div style=\"grid-column: 3;\"><img loading=\"lazy\" decoding=\"async\" src=\"http:\/\/192.168.178.38\/wp-content\/uploads\/2020\/12\/github-300x300.png\" alt=\"\" width=\"24\" height=\"24\" class=\"alignnone size-medium wp-image-127\" srcset=\"https:\/\/lpl-mind.de\/wp-content\/uploads\/2020\/12\/github-300x300.png 300w, https:\/\/lpl-mind.de\/wp-content\/uploads\/2020\/12\/github-150x150.png 150w, https:\/\/lpl-mind.de\/wp-content\/uploads\/2020\/12\/github.png 512w\" sizes=\"(max-width: 24px) 100vw, 24px\" \/><\/div>\n<div style=\"grid-column: 4;\"><a href=\"http:\/\/github.com\/lukaspupkalipinski\">github.com\/lukaspupkalipinski<\/a><\/div>\n<div style=\"grid-column: 3;\"><img loading=\"lazy\" decoding=\"async\" src=\"http:\/\/192.168.178.38\/wp-content\/uploads\/2020\/12\/email-300x300.png\" alt=\"\" width=\"24\" height=\"24\" class=\"alignnone size-medium wp-image-127\" \/><\/div>\n<div style=\"grid-column: 4;\"><a href=\"mailto:lukas.pupkalipinski@lpl-mind.de\">lukas.pupkalipinski@lpl-mind.de<\/a><\/div>\n<\/div>\n","protected":false},"excerpt":{"rendered":"<p>\u00dcber Mich Ich bin passionierter Softwareentwickler im Bereich Backend. Mit dem M. Sc. war ich jahrelange\u00a0 t\u00e4tig in einem IOT Unternehmen und als Softwareentwickler. Mit meinem Podcast und meinem Blog m\u00f6chte ich Ihnen die M\u00f6glichkeit geben, meine Erfahrungen und Kenntnisse zu \u00fcbermitteln. Auch sollen verschiedene neue Technologien und Trends analysiert [&hellip;]<\/p>\n","protected":false},"author":1,"featured_media":0,"parent":0,"menu_order":0,"comment_status":"closed","ping_status":"closed","template":"","meta":{"footnotes":""},"class_list":["post-102","page","type-page","status-publish","hentry"],"aioseo_notices":[],"_links":{"self":[{"href":"https:\/\/lpl-mind.de\/en\/wp-json\/wp\/v2\/pages\/102"}],"collection":[{"href":"https:\/\/lpl-mind.de\/en\/wp-json\/wp\/v2\/pages"}],"about":[{"href":"https:\/\/lpl-mind.de\/en\/wp-json\/wp\/v2\/types\/page"}],"author":[{"embeddable":true,"href":"https:\/\/lpl-mind.de\/en\/wp-json\/wp\/v2\/users\/1"}],"replies":[{"embeddable":true,"href":"https:\/\/lpl-mind.de\/en\/wp-json\/wp\/v2\/comments?post=102"}],"version-history":[{"count":7,"href":"https:\/\/lpl-mind.de\/en\/wp-json\/wp\/v2\/pages\/102\/revisions"}],"predecessor-version":[{"id":134,"href":"https:\/\/lpl-mind.de\/en\/wp-json\/wp\/v2\/pages\/102\/revisions\/134"}],"wp:attachment":[{"href":"https:\/\/lpl-mind.de\/en\/wp-json\/wp\/v2\/media?parent=102"}],"curies":[{"name":"wp","href":"https:\/\/api.w.org\/{rel}","templated":true}]}}